{"id":13439,"date":"2026-03-24T03:52:05","date_gmt":"2026-03-24T03:52:05","guid":{"rendered":"https:\/\/onlineidentity.shop\/?post_type=product&#038;p=13439"},"modified":"2026-03-24T04:00:25","modified_gmt":"2026-03-24T04:00:25","slug":"consola-de-juegos-portatil-retro-recargable-con-game-stick-sistema-linux-regalo-ideal-para-los-entusiastas-de-los-juegos","status":"publish","type":"product","link":"https:\/\/onlineidentity.shop\/es\/producto\/consola-de-juegos-portatil-retro-recargable-con-game-stick-sistema-linux-regalo-ideal-para-los-entusiastas-de-los-juegos\/","title":{"rendered":"Consola de juegos port\u00e1til Retro, recargable, con Game Stick, sistema Linux, regalo Ideal para los entusiastas de los juegos"},"content":{"rendered":"<div data-elementor-type=\"product-post\" data-elementor-id=\"13439\" class=\"elementor elementor-13439\" data-elementor-post-type=\"product\">\n\t\t\t\t<div class=\"elementor-element elementor-element-329e941c e-flex e-con-boxed e-con e-parent\" data-id=\"329e941c\" data-element_type=\"container\" data-settings=\"{&quot;ekit_has_onepagescroll_dot&quot;:&quot;yes&quot;}\">\n\t\t\t\t\t<div class=\"e-con-inner\">\n\t\t\t\t<div class=\"elementor-element elementor-element-29de03a9 elementor-widget elementor-widget-image\" data-id=\"29de03a9\" data-element_type=\"widget\" data-settings=\"{&quot;ekit_we_effect_on&quot;:&quot;none&quot;}\" data-widget_type=\"image.default\">\n\t\t\t\t<div class=\"elementor-widget-container\">\n\t\t\t\t\t\t\t\t\t\t\t\t\t\t\t<img loading=\"lazy\" decoding=\"async\" width=\"1204\" height=\"1411\" src=\"https:\/\/onlineidentity.shop\/wp-content\/uploads\/2026\/03\/61CRfuQVDiL._AC_SL1500_-1.jpg\" class=\"attachment-full size-full wp-image-13450 wvs-archive-product-image\" alt=\"\" srcset=\"https:\/\/onlineidentity.shop\/wp-content\/uploads\/2026\/03\/61CRfuQVDiL._AC_SL1500_-1.jpg 1204w, https:\/\/onlineidentity.shop\/wp-content\/uploads\/2026\/03\/61CRfuQVDiL._AC_SL1500_-1-256x300.jpg 256w, https:\/\/onlineidentity.shop\/wp-content\/uploads\/2026\/03\/61CRfuQVDiL._AC_SL1500_-1-874x1024.jpg 874w, https:\/\/onlineidentity.shop\/wp-content\/uploads\/2026\/03\/61CRfuQVDiL._AC_SL1500_-1-768x900.jpg 768w, https:\/\/onlineidentity.shop\/wp-content\/uploads\/2026\/03\/61CRfuQVDiL._AC_SL1500_-1-10x12.jpg 10w, https:\/\/onlineidentity.shop\/wp-content\/uploads\/2026\/03\/61CRfuQVDiL._AC_SL1500_-1-600x703.jpg 600w, https:\/\/onlineidentity.shop\/wp-content\/uploads\/2026\/03\/61CRfuQVDiL._AC_SL1500_-1-1x1.jpg 1w\" sizes=\"auto, (max-width: 1204px) 100vw, 1204px\" \/>\t\t\t\t\t\t\t\t\t\t\t\t\t\t\t<\/div>\n\t\t\t\t<\/div>\n\t\t\t\t<div class=\"elementor-element elementor-element-974a3b8 elementor-widget elementor-widget-text-editor\" data-id=\"974a3b8\" data-element_type=\"widget\" data-settings=\"{&quot;ekit_we_effect_on&quot;:&quot;none&quot;}\" data-widget_type=\"text-editor.default\">\n\t\t\t\t<div class=\"elementor-widget-container\">\n\t\t\t\t\t\t\t\t\t<ul class=\"a-unordered-list a-vertical a-spacing-mini\"><li class=\"a-spacing-mini\"><h4><span class=\"a-list-item\">\u30103.5 Inch IPS Screen\u3011Equipado con una pantalla IPS de 3,5 pulgadas, esta consola de juegos port\u00e1til ofrece colores vibrantes y visuales n\u00edtidas, mejorando su experiencia de juego.<\/span><\/h4><\/li><li class=\"a-spacing-mini\"><h4><span class=\"a-list-item\">\u3010Linux System\u3011Al funcionar con un sistema Linux, esta consola de juegos port\u00e1til no solo es potente, sino tambi\u00e9n estable y segura.<\/span><\/h4><\/li><li class=\"a-spacing-mini\"><h4><span class=\"a-list-item\">\u3010Professional PK3326 Game Chip\u3011Equipada con un chip de juego profesional PK3326, nuestra consola port\u00e1til ejecuta sin problemas extensos juegos 2D y<\/span><\/h4><h4>\u00a0<\/h4><\/li><\/ul>\t\t\t\t\t\t\t\t<\/div>\n\t\t\t\t<\/div>\n\t\t\t\t<div class=\"elementor-element elementor-element-35e476a2 elementor-widget elementor-widget-image\" data-id=\"35e476a2\" data-element_type=\"widget\" data-settings=\"{&quot;ekit_we_effect_on&quot;:&quot;none&quot;}\" data-widget_type=\"image.default\">\n\t\t\t\t<div class=\"elementor-widget-container\">\n\t\t\t\t\t\t\t\t\t\t\t\t\t\t\t<img loading=\"lazy\" decoding=\"async\" width=\"1236\" height=\"1443\" src=\"https:\/\/onlineidentity.shop\/wp-content\/uploads\/2026\/03\/71b4Z2JrijL._AC_SL1500_-1.jpg\" class=\"attachment-full size-full wp-image-13451 wvs-archive-product-image\" alt=\"\" srcset=\"https:\/\/onlineidentity.shop\/wp-content\/uploads\/2026\/03\/71b4Z2JrijL._AC_SL1500_-1.jpg 1236w, https:\/\/onlineidentity.shop\/wp-content\/uploads\/2026\/03\/71b4Z2JrijL._AC_SL1500_-1-257x300.jpg 257w, https:\/\/onlineidentity.shop\/wp-content\/uploads\/2026\/03\/71b4Z2JrijL._AC_SL1500_-1-877x1024.jpg 877w, https:\/\/onlineidentity.shop\/wp-content\/uploads\/2026\/03\/71b4Z2JrijL._AC_SL1500_-1-768x897.jpg 768w, https:\/\/onlineidentity.shop\/wp-content\/uploads\/2026\/03\/71b4Z2JrijL._AC_SL1500_-1-10x12.jpg 10w, https:\/\/onlineidentity.shop\/wp-content\/uploads\/2026\/03\/71b4Z2JrijL._AC_SL1500_-1-600x700.jpg 600w, https:\/\/onlineidentity.shop\/wp-content\/uploads\/2026\/03\/71b4Z2JrijL._AC_SL1500_-1-1x1.jpg 1w\" sizes=\"auto, (max-width: 1236px) 100vw, 1236px\" \/>\t\t\t\t\t\t\t\t\t\t\t\t\t\t\t<\/div>\n\t\t\t\t<\/div>\n\t\t\t\t<div class=\"elementor-element elementor-element-567e76d5 elementor-widget elementor-widget-text-editor\" data-id=\"567e76d5\" data-element_type=\"widget\" data-settings=\"{&quot;ekit_we_effect_on&quot;:&quot;none&quot;}\" data-widget_type=\"text-editor.default\">\n\t\t\t\t<div class=\"elementor-widget-container\">\n\t\t\t\t\t\t\t\t\t<ul class=\"a-unordered-list a-vertical a-spacing-mini\"><li class=\"a-spacing-mini\"><h4><span class=\"a-list-item\">\u3010Dise\u00f1o port\u00e1til con bater\u00eda de 3800mAh\u3011-Dise\u00f1ada para ser port\u00e1til, esta miniconsola de juegos retro presenta un dise\u00f1o compacto y ligero. La bater\u00eda recargable de 3800mAh ofrece hasta 10 horas de tiempo de juego, por lo que es perfecto para jugar en cualquier lugar. Tambi\u00e9n incluye altavoces integrados y una toma de auriculares de 3,5 mm para una experiencia de audio envolvente.<\/span><\/h4><h4>\u00a0<\/h4><\/li><\/ul>\t\t\t\t\t\t\t\t<\/div>\n\t\t\t\t<\/div>\n\t\t\t\t<div class=\"elementor-element elementor-element-e38c084 elementor-widget elementor-widget-image\" data-id=\"e38c084\" data-element_type=\"widget\" data-settings=\"{&quot;ekit_we_effect_on&quot;:&quot;none&quot;}\" data-widget_type=\"image.default\">\n\t\t\t\t<div class=\"elementor-widget-container\">\n\t\t\t\t\t\t\t\t\t\t\t\t\t\t\t<img loading=\"lazy\" decoding=\"async\" width=\"1000\" height=\"1000\" src=\"https:\/\/onlineidentity.shop\/wp-content\/uploads\/2026\/03\/S1a9441d5a33f4e138392ba0fef0fc37aP-1.avif\" class=\"attachment-full size-full wp-image-13452 wvs-archive-product-image\" alt=\"\" srcset=\"https:\/\/onlineidentity.shop\/wp-content\/uploads\/2026\/03\/S1a9441d5a33f4e138392ba0fef0fc37aP-1.avif 1000w, https:\/\/onlineidentity.shop\/wp-content\/uploads\/2026\/03\/S1a9441d5a33f4e138392ba0fef0fc37aP-1-300x300.avif 300w, https:\/\/onlineidentity.shop\/wp-content\/uploads\/2026\/03\/S1a9441d5a33f4e138392ba0fef0fc37aP-1-150x150.avif 150w, https:\/\/onlineidentity.shop\/wp-content\/uploads\/2026\/03\/S1a9441d5a33f4e138392ba0fef0fc37aP-1-768x768.avif 768w, https:\/\/onlineidentity.shop\/wp-content\/uploads\/2026\/03\/S1a9441d5a33f4e138392ba0fef0fc37aP-1-12x12.avif 12w, https:\/\/onlineidentity.shop\/wp-content\/uploads\/2026\/03\/S1a9441d5a33f4e138392ba0fef0fc37aP-1-600x600.avif 600w, https:\/\/onlineidentity.shop\/wp-content\/uploads\/2026\/03\/S1a9441d5a33f4e138392ba0fef0fc37aP-1-100x100.avif 100w, https:\/\/onlineidentity.shop\/wp-content\/uploads\/2026\/03\/S1a9441d5a33f4e138392ba0fef0fc37aP-1-50x50.avif 50w, https:\/\/onlineidentity.shop\/wp-content\/uploads\/2026\/03\/S1a9441d5a33f4e138392ba0fef0fc37aP-1-1x1.avif 1w, https:\/\/onlineidentity.shop\/wp-content\/uploads\/2026\/03\/S1a9441d5a33f4e138392ba0fef0fc37aP-1-10x10.avif 10w\" sizes=\"auto, (max-width: 1000px) 100vw, 1000px\" \/>\t\t\t\t\t\t\t\t\t\t\t\t\t\t\t<\/div>\n\t\t\t\t<\/div>\n\t\t\t\t<div class=\"elementor-element elementor-element-635c597b elementor-widget elementor-widget-image\" data-id=\"635c597b\" data-element_type=\"widget\" data-settings=\"{&quot;ekit_we_effect_on&quot;:&quot;none&quot;}\" data-widget_type=\"image.default\">\n\t\t\t\t<div class=\"elementor-widget-container\">\n\t\t\t\t\t\t\t\t\t\t\t\t\t\t\t<img loading=\"lazy\" decoding=\"async\" width=\"1001\" height=\"1001\" src=\"https:\/\/onlineidentity.shop\/wp-content\/uploads\/2026\/03\/61BEbcZifL._AC_SL1001_-1.jpg\" class=\"attachment-full size-full wp-image-13453 wvs-archive-product-image\" alt=\"\" srcset=\"https:\/\/onlineidentity.shop\/wp-content\/uploads\/2026\/03\/61BEbcZifL._AC_SL1001_-1.jpg 1001w, https:\/\/onlineidentity.shop\/wp-content\/uploads\/2026\/03\/61BEbcZifL._AC_SL1001_-1-300x300.jpg 300w, https:\/\/onlineidentity.shop\/wp-content\/uploads\/2026\/03\/61BEbcZifL._AC_SL1001_-1-150x150.jpg 150w, https:\/\/onlineidentity.shop\/wp-content\/uploads\/2026\/03\/61BEbcZifL._AC_SL1001_-1-768x768.jpg 768w, https:\/\/onlineidentity.shop\/wp-content\/uploads\/2026\/03\/61BEbcZifL._AC_SL1001_-1-12x12.jpg 12w, https:\/\/onlineidentity.shop\/wp-content\/uploads\/2026\/03\/61BEbcZifL._AC_SL1001_-1-600x600.jpg 600w, https:\/\/onlineidentity.shop\/wp-content\/uploads\/2026\/03\/61BEbcZifL._AC_SL1001_-1-100x100.jpg 100w, https:\/\/onlineidentity.shop\/wp-content\/uploads\/2026\/03\/61BEbcZifL._AC_SL1001_-1-50x50.jpg 50w, https:\/\/onlineidentity.shop\/wp-content\/uploads\/2026\/03\/61BEbcZifL._AC_SL1001_-1-1x1.jpg 1w, https:\/\/onlineidentity.shop\/wp-content\/uploads\/2026\/03\/61BEbcZifL._AC_SL1001_-1-10x10.jpg 10w\" sizes=\"auto, (max-width: 1001px) 100vw, 1001px\" \/>\t\t\t\t\t\t\t\t\t\t\t\t\t\t\t<\/div>\n\t\t\t\t<\/div>\n\t\t\t\t<div class=\"elementor-element elementor-element-7d4d399a elementor-widget elementor-widget-image\" data-id=\"7d4d399a\" data-element_type=\"widget\" data-settings=\"{&quot;ekit_we_effect_on&quot;:&quot;none&quot;}\" data-widget_type=\"image.default\">\n\t\t\t\t<div class=\"elementor-widget-container\">\n\t\t\t\t\t\t\t\t\t\t\t\t\t\t\t<img loading=\"lazy\" decoding=\"async\" width=\"1001\" height=\"1001\" src=\"https:\/\/onlineidentity.shop\/wp-content\/uploads\/2026\/03\/61J0fjv8OL._AC_SL1001_-1.jpg\" class=\"attachment-full size-full wp-image-13454 wvs-archive-product-image\" alt=\"\" srcset=\"https:\/\/onlineidentity.shop\/wp-content\/uploads\/2026\/03\/61J0fjv8OL._AC_SL1001_-1.jpg 1001w, https:\/\/onlineidentity.shop\/wp-content\/uploads\/2026\/03\/61J0fjv8OL._AC_SL1001_-1-300x300.jpg 300w, https:\/\/onlineidentity.shop\/wp-content\/uploads\/2026\/03\/61J0fjv8OL._AC_SL1001_-1-150x150.jpg 150w, https:\/\/onlineidentity.shop\/wp-content\/uploads\/2026\/03\/61J0fjv8OL._AC_SL1001_-1-768x768.jpg 768w, https:\/\/onlineidentity.shop\/wp-content\/uploads\/2026\/03\/61J0fjv8OL._AC_SL1001_-1-12x12.jpg 12w, https:\/\/onlineidentity.shop\/wp-content\/uploads\/2026\/03\/61J0fjv8OL._AC_SL1001_-1-600x600.jpg 600w, https:\/\/onlineidentity.shop\/wp-content\/uploads\/2026\/03\/61J0fjv8OL._AC_SL1001_-1-100x100.jpg 100w, https:\/\/onlineidentity.shop\/wp-content\/uploads\/2026\/03\/61J0fjv8OL._AC_SL1001_-1-50x50.jpg 50w, https:\/\/onlineidentity.shop\/wp-content\/uploads\/2026\/03\/61J0fjv8OL._AC_SL1001_-1-1x1.jpg 1w, https:\/\/onlineidentity.shop\/wp-content\/uploads\/2026\/03\/61J0fjv8OL._AC_SL1001_-1-10x10.jpg 10w\" sizes=\"auto, (max-width: 1001px) 100vw, 1001px\" \/>\t\t\t\t\t\t\t\t\t\t\t\t\t\t\t<\/div>\n\t\t\t\t<\/div>\n\t\t\t\t<div class=\"elementor-element elementor-element-45e4d94b elementor-widget elementor-widget-image\" data-id=\"45e4d94b\" data-element_type=\"widget\" data-settings=\"{&quot;ekit_we_effect_on&quot;:&quot;none&quot;}\" data-widget_type=\"image.default\">\n\t\t\t\t<div class=\"elementor-widget-container\">\n\t\t\t\t\t\t\t\t\t\t\t\t\t\t\t<img loading=\"lazy\" decoding=\"async\" width=\"1001\" height=\"1001\" src=\"https:\/\/onlineidentity.shop\/wp-content\/uploads\/2026\/03\/716GBmkhBDL._AC_SL1001_-2.jpg\" class=\"attachment-full size-full wp-image-13455 wvs-archive-product-image\" alt=\"\" srcset=\"https:\/\/onlineidentity.shop\/wp-content\/uploads\/2026\/03\/716GBmkhBDL._AC_SL1001_-2.jpg 1001w, https:\/\/onlineidentity.shop\/wp-content\/uploads\/2026\/03\/716GBmkhBDL._AC_SL1001_-2-300x300.jpg 300w, https:\/\/onlineidentity.shop\/wp-content\/uploads\/2026\/03\/716GBmkhBDL._AC_SL1001_-2-150x150.jpg 150w, https:\/\/onlineidentity.shop\/wp-content\/uploads\/2026\/03\/716GBmkhBDL._AC_SL1001_-2-768x768.jpg 768w, https:\/\/onlineidentity.shop\/wp-content\/uploads\/2026\/03\/716GBmkhBDL._AC_SL1001_-2-12x12.jpg 12w, https:\/\/onlineidentity.shop\/wp-content\/uploads\/2026\/03\/716GBmkhBDL._AC_SL1001_-2-600x600.jpg 600w, https:\/\/onlineidentity.shop\/wp-content\/uploads\/2026\/03\/716GBmkhBDL._AC_SL1001_-2-100x100.jpg 100w, https:\/\/onlineidentity.shop\/wp-content\/uploads\/2026\/03\/716GBmkhBDL._AC_SL1001_-2-50x50.jpg 50w, https:\/\/onlineidentity.shop\/wp-content\/uploads\/2026\/03\/716GBmkhBDL._AC_SL1001_-2-1x1.jpg 1w, https:\/\/onlineidentity.shop\/wp-content\/uploads\/2026\/03\/716GBmkhBDL._AC_SL1001_-2-10x10.jpg 10w\" sizes=\"auto, (max-width: 1001px) 100vw, 1001px\" \/>\t\t\t\t\t\t\t\t\t\t\t\t\t\t\t<\/div>\n\t\t\t\t<\/div>\n\t\t\t\t<div class=\"elementor-element elementor-element-eaebf74 elementor-widget elementor-widget-image\" data-id=\"eaebf74\" data-element_type=\"widget\" data-settings=\"{&quot;ekit_we_effect_on&quot;:&quot;none&quot;}\" data-widget_type=\"image.default\">\n\t\t\t\t<div class=\"elementor-widget-container\">\n\t\t\t\t\t\t\t\t\t\t\t\t\t\t\t<img loading=\"lazy\" decoding=\"async\" width=\"1464\" height=\"600\" src=\"https:\/\/onlineidentity.shop\/wp-content\/uploads\/2026\/03\/d914f919-ae82-4d97-8ad2-7f1cb79edcc2.__CR001464600_PT0_SX1464_V1___.jpg\" class=\"attachment-full size-full wp-image-13456 wvs-archive-product-image\" alt=\"\" srcset=\"https:\/\/onlineidentity.shop\/wp-content\/uploads\/2026\/03\/d914f919-ae82-4d97-8ad2-7f1cb79edcc2.__CR001464600_PT0_SX1464_V1___.jpg 1464w, https:\/\/onlineidentity.shop\/wp-content\/uploads\/2026\/03\/d914f919-ae82-4d97-8ad2-7f1cb79edcc2.__CR001464600_PT0_SX1464_V1___-300x123.jpg 300w, https:\/\/onlineidentity.shop\/wp-content\/uploads\/2026\/03\/d914f919-ae82-4d97-8ad2-7f1cb79edcc2.__CR001464600_PT0_SX1464_V1___-1024x420.jpg 1024w, https:\/\/onlineidentity.shop\/wp-content\/uploads\/2026\/03\/d914f919-ae82-4d97-8ad2-7f1cb79edcc2.__CR001464600_PT0_SX1464_V1___-768x315.jpg 768w, https:\/\/onlineidentity.shop\/wp-content\/uploads\/2026\/03\/d914f919-ae82-4d97-8ad2-7f1cb79edcc2.__CR001464600_PT0_SX1464_V1___-18x7.jpg 18w, https:\/\/onlineidentity.shop\/wp-content\/uploads\/2026\/03\/d914f919-ae82-4d97-8ad2-7f1cb79edcc2.__CR001464600_PT0_SX1464_V1___-600x246.jpg 600w, https:\/\/onlineidentity.shop\/wp-content\/uploads\/2026\/03\/d914f919-ae82-4d97-8ad2-7f1cb79edcc2.__CR001464600_PT0_SX1464_V1___-1x1.jpg 1w, https:\/\/onlineidentity.shop\/wp-content\/uploads\/2026\/03\/d914f919-ae82-4d97-8ad2-7f1cb79edcc2.__CR001464600_PT0_SX1464_V1___-10x4.jpg 10w\" sizes=\"auto, (max-width: 1464px) 100vw, 1464px\" \/>\t\t\t\t\t\t\t\t\t\t\t\t\t\t\t<\/div>\n\t\t\t\t<\/div>\n\t\t\t\t<div class=\"elementor-element elementor-element-4907f637 elementor-widget elementor-widget-text-editor\" data-id=\"4907f637\" data-element_type=\"widget\" data-settings=\"{&quot;ekit_we_effect_on&quot;:&quot;none&quot;}\" data-widget_type=\"text-editor.default\">\n\t\t\t\t<div class=\"elementor-widget-container\">\n\t\t\t\t\t\t\t\t\t<!DOCTYPE html>\n<html lang=\"en\">\n<head>\n<meta charset=\"UTF-8\">\n<meta name=\"viewport\" content=\"width=device-width, initial-scale=1.0\">\n<title>Specifications<\/title>\n<style>\n  * {\n    margin: 0;\n    padding: 0;\n    box-sizing: border-box;\n  }\n  body {\n    background: transparent;\n    font-family: 'Inter', 'Segoe UI', system-ui, sans-serif;\n    -webkit-font-smoothing: antialiased;\n    padding: 20px 0;\n  }\n  .spec-table {\n    width: 99.5%;\n    margin: 0 auto;\n    border-collapse: collapse;\n    font-size: 16px;\n    color: #222;\n    line-height: 1.8;\n  }\n  .spec-table tr {\n    border-bottom: 1px solid #e5e5e5;\n    background: transparent;\n  }\n  .spec-table tr:nth-child(odd) td:first-child,\n  .spec-table tr:nth-child(odd) td:nth-child(3) {\n    background-color: #f5f5f5; \/* \u6d45\u7070\u80cc\u666f\uff0c\u548c\u56fe\u7247\u4e00\u81f4 *\/\n  }\n  .spec-table td {\n    padding: 16px 20px;\n    text-align: left;\n    vertical-align: middle;\n    word-break: break-word;\n  }\n  \/* \u56db\u5217\u5e03\u5c40\uff1a\u53c2\u6570\u540d\u5217\u548c\u503c\u5217\u5747\u5206 *\/\n  .spec-table td:nth-child(1),\n  .spec-table td:nth-child(3) {\n    width: 25%;\n    font-weight: 500;\n  }\n  .spec-table td:nth-child(2),\n  .spec-table td:nth-child(4) {\n    width: 25%;\n    color: #333;\n  }\n  \/* \u79fb\u52a8\u7aef\u9002\u914d\uff1a\u8f6c\u4e3a\u4e24\u5217\u5806\u53e0 *\/\n  @media (max-width: 768px) {\n    .spec-table {\n      font-size: 14px;\n    }\n    .spec-table td {\n      padding: 12px 14px;\n    }\n    .spec-table tr {\n      display: grid;\n      grid-template-columns: 1fr 1fr;\n    }\n  }\n<\/style>\n<\/head>\n<body>\n\n<table class=\"spec-table\">\n  <tr>\n    <td>Bater\u00eda incluida<\/td>\n    <td>S\u00ed<\/td>\n    <td>Sustancias qu\u00edmicas muy preocupantes<\/td>\n    <td>Ninguno<\/td>\n  <\/tr>\n  <tr>\n    <td>Tipo de juegos<\/td>\n    <td>Juego retro<\/td>\n    <td>Juegos incluidos<\/td>\n    <td>15000<\/td>\n  <\/tr>\n  <tr>\n    <td>Categor\u00eda<\/td>\n    <td>Reproductores port\u00e1tiles<\/td>\n    <td>Resoluci\u00f3n de pantalla<\/td>\n    <td>640\u00d7480<\/td>\n  <\/tr>\n  <tr>\n    <td>Sistema operativo<\/td>\n    <td>Linux<\/td>\n    <td>Lengua de apoyo<\/td>\n    <td>Franc\u00e9s,Espa\u00f1ol,Portugu\u00e9s,Ingl\u00e9s,Espa\u00f1ol de Am\u00e9rica Latina,Portugu\u00e9s de Brasil,Chino simplificado<\/td>\n  <\/tr>\n<\/table>\n\n<\/body>\n<\/html>\t\t\t\t\t\t\t\t<\/div>\n\t\t\t\t<\/div>\n\t\t\t\t\t<\/div>\n\t\t\t\t<\/div>\n\t\t\t\t<\/div>","protected":false},"excerpt":{"rendered":"<p>\u30103.5 Inch IPS Screen\u3011Equipped with a 3.5-inch IPS screen, this handheld gaming console offers vibrant colors and sharp visuals, enhancing&#8230;<\/p>","protected":false},"featured_media":13442,"comment_status":"open","ping_status":"closed","template":"","meta":{"_acf_changed":false},"etheme_brands":[],"product_brand":[],"product_cat":[127,118],"product_tag":[],"class_list":{"0":"post-13439","1":"product","2":"type-product","3":"status-publish","4":"has-post-thumbnail","6":"product_cat-dao","7":"product_cat-sale-shop","9":"first","10":"instock","11":"sale","12":"shipping-taxable","13":"purchasable","14":"product-type-variable","15":"has-default-attributes","16":"wvs-archive-product-wrapper"},"acf":[],"_links":{"self":[{"href":"https:\/\/onlineidentity.shop\/es\/wp-json\/wp\/v2\/product\/13439","targetHints":{"allow":["GET"]}}],"collection":[{"href":"https:\/\/onlineidentity.shop\/es\/wp-json\/wp\/v2\/product"}],"about":[{"href":"https:\/\/onlineidentity.shop\/es\/wp-json\/wp\/v2\/types\/product"}],"replies":[{"embeddable":true,"href":"https:\/\/onlineidentity.shop\/es\/wp-json\/wp\/v2\/comments?post=13439"}],"version-history":[{"count":4,"href":"https:\/\/onlineidentity.shop\/es\/wp-json\/wp\/v2\/product\/13439\/revisions"}],"predecessor-version":[{"id":13462,"href":"https:\/\/onlineidentity.shop\/es\/wp-json\/wp\/v2\/product\/13439\/revisions\/13462"}],"wp:featuredmedia":[{"embeddable":true,"href":"https:\/\/onlineidentity.shop\/es\/wp-json\/wp\/v2\/media\/13442"}],"wp:attachment":[{"href":"https:\/\/onlineidentity.shop\/es\/wp-json\/wp\/v2\/media?parent=13439"}],"wp:term":[{"taxonomy":"brand","embeddable":true,"href":"https:\/\/onlineidentity.shop\/es\/wp-json\/wp\/v2\/etheme_brands?post=13439"},{"taxonomy":"product_brand","embeddable":true,"href":"https:\/\/onlineidentity.shop\/es\/wp-json\/wp\/v2\/product_brand?post=13439"},{"taxonomy":"product_cat","embeddable":true,"href":"https:\/\/onlineidentity.shop\/es\/wp-json\/wp\/v2\/product_cat?post=13439"},{"taxonomy":"product_tag","embeddable":true,"href":"https:\/\/onlineidentity.shop\/es\/wp-json\/wp\/v2\/product_tag?post=13439"}],"curies":[{"name":"wp","href":"https:\/\/api.w.org\/{rel}","templated":true}]}}